{"id":911,"date":"2022-04-25T12:44:08","date_gmt":"2022-04-25T12:44:08","guid":{"rendered":"https:\/\/mydentistpearland.com\/?page_id=911"},"modified":"2026-03-03T05:44:13","modified_gmt":"2026-03-03T10:44:13","slug":"blog","status":"publish","type":"page","link":"https:\/\/mydentistpearland.com\/es\/blog\/","title":{"rendered":"Blog"},"content":{"rendered":"<div class=\"wp-block-query is-layout-flow wp-block-query-is-layout-flow\"><ul class=\"columns-3 wp-block-post-template is-layout-grid wp-container-core-post-template-is-layout-2fc57c17 wp-block-post-template-is-layout-grid\"><li class=\"wp-block-post post-5699 post type-post status-publish format-standard has-post-thumbnail hentry category-articles\">\r\n\r\n\r\n<div class=\"wp-block-group\" style=\"padding: 30px;\"><div class=\"wp-block-group__inner-container is-layout-flow wp-block-group-is-layout-flow\"><h2 class=\"wp-block-post-title\"><a href=\"https:\/\/mydentistpearland.com\/es\/blog\/como-los-empastes-dentales-ayudan-a-detener-las-caries-y-como-previenen-la-caries-dental\/\" target=\"_self\" >\u00bfC\u00f3mo ayudan los empastes dentales a detener las caries? \u00bfC\u00f3mo previenen la caries dental?<\/a><\/h2>\r\n\r\n<div class=\"wp-block-post-excerpt\"><p class=\"wp-block-post-excerpt__excerpt\">A cavity may begin as a small weak spot in the enamel, but it will not stay small without treatment&#8230;. <\/p><\/div>\r\n\r\n<div class=\"wp-block-post-date\"><time datetime=\"2026-04-27T07:37:59-05:00\">abril 27, 2026<\/time><\/div><\/div><\/div>\r\n<\/li><li class=\"wp-block-post post-5664 post type-post status-publish format-standard has-post-thumbnail hentry category-articles\">\r\n\r\n\r\n<div class=\"wp-block-group\" style=\"padding: 30px;\"><div class=\"wp-block-group__inner-container is-layout-flow wp-block-group-is-layout-flow\"><h2 class=\"wp-block-post-title\"><a href=\"https:\/\/mydentistpearland.com\/es\/blog\/desde-dolor-intenso-hasta-infeccion-cuando-se-necesita-atencion-dental-de-emergencia\/\" target=\"_self\" >Del dolor intenso a la infecci\u00f3n: cu\u00e1ndo se necesita atenci\u00f3n dental de urgencia<\/a><\/h2>\r\n\r\n<div class=\"wp-block-post-excerpt\"><p class=\"wp-block-post-excerpt__excerpt\">A bad toothache can be easy to dismiss at first. Many people hope the pain will fade by morning or&#8230; <\/p><\/div>\r\n\r\n<div class=\"wp-block-post-date\"><time datetime=\"2026-03-15T09:09:17-05:00\">marzo 15, 2026<\/time><\/div><\/div><\/div>\r\n<\/li><li class=\"wp-block-post post-4925 post type-post status-publish format-standard has-post-thumbnail hentry category-articles\">\r\n\r\n\r\n<div class=\"wp-block-group\" style=\"padding: 30px;\"><div class=\"wp-block-group__inner-container is-layout-flow wp-block-group-is-layout-flow\"><h2 class=\"wp-block-post-title\"><a href=\"https:\/\/mydentistpearland.com\/es\/blog\/limpiezas-y-examenes-dentales-explicacion-de-por-que-es-importante-la-atencion-dental-preventiva\/\" target=\"_self\" >Limpiezas y revisiones dentales: \u00bfPor qu\u00e9 es importante la atenci\u00f3n dental preventiva?<\/a><\/h2>\r\n\r\n<div class=\"wp-block-post-excerpt\"><p class=\"wp-block-post-excerpt__excerpt\">Many dental problems begin quietly. Cavities can form without pain. Gum disease can progress before you notice bleeding or swelling&#8230;. <\/p><\/div>\r\n\r\n<div class=\"wp-block-post-date\"><time datetime=\"2026-03-01T07:45:02-05:00\">marzo 1, 2026<\/time><\/div><\/div><\/div>\r\n<\/li><li class=\"wp-block-post post-5659 post type-post status-publish format-standard has-post-thumbnail hentry category-articles\">\r\n\r\n\r\n<div class=\"wp-block-group\" style=\"padding: 30px;\"><div class=\"wp-block-group__inner-container is-layout-flow wp-block-group-is-layout-flow\"><h2 class=\"wp-block-post-title\"><a href=\"https:\/\/mydentistpearland.com\/es\/blog\/implantes-dentales-una-solucion-permanente-para-la-perdida-de-dientes\/\" target=\"_self\" >Implantes dentales: una soluci\u00f3n permanente para los dientes perdidos.<\/a><\/h2>\r\n\r\n<div class=\"wp-block-post-excerpt\"><p class=\"wp-block-post-excerpt__excerpt\">Introduction When a tooth is lost, the change affects more than the visible space in a smile. Teeth function as&#8230; <\/p><\/div>\r\n\r\n<div class=\"wp-block-post-date\"><time datetime=\"2026-02-01T09:05:01-05:00\">febrero 1, 2026<\/time><\/div><\/div><\/div>\r\n<\/li><li class=\"wp-block-post post-4531 post type-post status-publish format-standard has-post-thumbnail hentry category-articles\">\r\n\r\n\r\n<div class=\"wp-block-group\" style=\"padding: 30px;\"><div class=\"wp-block-group__inner-container is-layout-flow wp-block-group-is-layout-flow\"><h2 class=\"wp-block-post-title\"><a href=\"https:\/\/mydentistpearland.com\/es\/blog\/el-secreto-para-unos-dientes-mas-blancos-descubre-soluciones-expertas-para-blanquear-los-dientes\/\" target=\"_self\" >El secreto para unos dientes m\u00e1s blancos: descubre las soluciones expertas para blanquear los dientes.<\/a><\/h2>\r\n\r\n<div class=\"wp-block-post-excerpt\"><p class=\"wp-block-post-excerpt__excerpt\">A bright smile often reflects confidence, good oral hygiene, and overall wellness. However, many people notice their teeth gradually losing&#8230; <\/p><\/div>\r\n\r\n<div class=\"wp-block-post-date\"><time datetime=\"2026-02-01T00:27:30-05:00\">febrero 1, 2026<\/time><\/div><\/div><\/div>\r\n<\/li><li class=\"wp-block-post post-4158 post type-post status-publish format-standard has-post-thumbnail hentry category-articles\">\r\n\r\n\r\n<div class=\"wp-block-group\" style=\"padding: 30px;\"><div class=\"wp-block-group__inner-container is-layout-flow wp-block-group-is-layout-flow\"><h2 class=\"wp-block-post-title\"><a href=\"https:\/\/mydentistpearland.com\/es\/blog\/son-los-implantes-dentales-adecuados-para-usted-consejos-de-un-experto-dentista-de-pearland\/\" target=\"_self\" >\u00c2\u00bfSon los implantes dentales adecuados para usted? Consejos de un dentista de Pearland<\/a><\/h2>\r\n\r\n<div class=\"wp-block-post-excerpt\"><p class=\"wp-block-post-excerpt__excerpt\">La falta de dientes afecta m\u00e1s que tu sonrisa. Puede cambiar tu forma de masticar, hablar e incluso tu confianza en ti mismo. <\/p><\/div>\r\n\r\n<div class=\"wp-block-post-date\"><time datetime=\"2026-01-23T08:17:30-05:00\">23 de enero de 2026<\/time><\/div><\/div><\/div>\r\n<\/li><li class=\"wp-block-post post-3405 post type-post status-publish format-standard has-post-thumbnail hentry category-articles\">\r\n\r\n\r\n<div class=\"wp-block-group\" style=\"padding: 30px;\"><div class=\"wp-block-group__inner-container is-layout-flow wp-block-group-is-layout-flow\"><h2 class=\"wp-block-post-title\"><a href=\"https:\/\/mydentistpearland.com\/es\/blog\/los-beneficios-de-ser-atendido-por-un-dentista-bilingue\/\" target=\"_self\" >Los beneficios de ser atendido por un dentista biling\u00fce<\/a><\/h2>\r\n\r\n<div class=\"wp-block-post-excerpt\"><p class=\"wp-block-post-excerpt__excerpt\">La comunicaci\u00f3n es fundamental para lograr experiencias y resultados dentales positivos. Para quienes prefieren o requieren servicios en\u2026 <\/p><\/div>\r\n\r\n<div class=\"wp-block-post-date\"><time datetime=\"2025-10-01T14:00:00-05:00\">1 de octubre de 2025<\/time><\/div><\/div><\/div>\r\n<\/li><li class=\"wp-block-post post-3326 post type-post status-publish format-standard has-post-thumbnail hentry category-articles\">\r\n\r\n\r\n<div class=\"wp-block-group\" style=\"padding: 30px;\"><div class=\"wp-block-group__inner-container is-layout-flow wp-block-group-is-layout-flow\"><h2 class=\"wp-block-post-title\"><a href=\"https:\/\/mydentistpearland.com\/es\/blog\/la-importancia-de-las-ferulas-de-descarga-para-el-bruxismo-2\/\" target=\"_self\" >La importancia de las f\u00e9rulas de descarga para el bruxismo.<\/a><\/h2>\r\n\r\n<div class=\"wp-block-post-excerpt\"><p class=\"wp-block-post-excerpt__excerpt\">El bruxismo, tambi\u00e9n conocido m\u00e9dicamente como rechinar los dientes, es un problema com\u00fan que muchas personas enfrentan. Puede ocurrir durante el d\u00eda\u2026 <\/p><\/div>\r\n\r\n<div class=\"wp-block-post-date\"><time datetime=\"2025-09-29T13:00:00-05:00\">29 de septiembre de 2025<\/time><\/div><\/div><\/div>\r\n<\/li><li class=\"wp-block-post post-3323 post type-post status-publish format-standard has-post-thumbnail hentry category-articles\">\r\n\r\n\r\n<div class=\"wp-block-group\" style=\"padding: 30px;\"><div class=\"wp-block-group__inner-container is-layout-flow wp-block-group-is-layout-flow\"><h2 class=\"wp-block-post-title\"><a href=\"https:\/\/mydentistpearland.com\/es\/blog\/como-mantener-una-sonrisa-brillante-despues-del-blanqueamiento-dental-por-que-elegirnos-para-este-tratamiento-consejos-para-prolongar-los-efectos-de-los-tratamientos-profesionales-de-blanqueamiento\/\" target=\"_self\" >C\u00f3mo mantener una sonrisa brillante despu\u00e9s del blanqueamiento dental: por qu\u00e9 elegirnos para esto: consejos para prolongar los efectos de los tratamientos profesionales de blanqueamiento dental.<\/a><\/h2>\r\n\r\n<div class=\"wp-block-post-excerpt\"><p class=\"wp-block-post-excerpt__excerpt\">Conseguir una sonrisa radiante mediante tratamientos profesionales de blanqueamiento dental puede ser transformador. Los pacientes suelen salir de la consulta del dentista sinti\u00e9ndose mejor... <\/p><\/div>\r\n\r\n<div class=\"wp-block-post-date\"><time datetime=\"2025-09-26T15:00:00-05:00\">26 de septiembre de 2025<\/time><\/div><\/div><\/div>\r\n<\/li><li class=\"wp-block-post post-3320 post type-post status-publish format-standard has-post-thumbnail hentry category-articles\">\r\n\r\n\r\n<div class=\"wp-block-group\" style=\"padding: 30px;\"><div class=\"wp-block-group__inner-container is-layout-flow wp-block-group-is-layout-flow\"><h2 class=\"wp-block-post-title\"><a href=\"https:\/\/mydentistpearland.com\/es\/blog\/como-elegir-al-dentista-adecuado-en-pearland-que-buscar-y-por-que-elegirnos\/\" target=\"_self\" >C\u00f3mo elegir al dentista adecuado en Pearland: Qu\u00e9 buscar \u2013 Por qu\u00e9 elegirnos.<\/a><\/h2>\r\n\r\n<div class=\"wp-block-post-excerpt\"><p class=\"wp-block-post-excerpt__excerpt\">Encontrar un dentista que satisfaga sus necesidades es fundamental para mantener una salud bucal \u00f3ptima. Ya sea que sea nuevo en Pearland\u2026 <\/p><\/div>\r\n\r\n<div class=\"wp-block-post-date\"><time datetime=\"2025-09-24T14:00:00-05:00\">24 de septiembre de 2025<\/time><\/div><\/div><\/div>\r\n<\/li><\/ul><\/div>\r\n<div class=\"gsp_post_data\" \r\n\t            data-post_type=\"page\" \r\n\t            data-cat=\"\" \r\n\t            data-modified=\"120\"\r\n\t            data-created=\"1650890648\"\r\n\t            data-title=\"Blog\" \r\n\t            data-home=\"https:\/\/mydentistpearland.com\/es\"><\/div>","protected":false},"excerpt":{"rendered":"","protected":false},"author":15,"featured_media":0,"parent":0,"menu_order":0,"comment_status":"closed","ping_status":"closed","template":"template-parts\/default-template.php","meta":{"_acf_changed":false,"footnotes":""},"class_list":["post-911","page","type-page","status-publish","hentry"],"acf":[],"yoast_head":"<!-- This site is optimized with the Yoast SEO Premium plugin v26.1 (Yoast SEO v27.2) - https:\/\/yoast.com\/product\/yoast-seo-premium-wordpress\/ -->\n<title>My Dentist Pearland Blog | Dental Care Insights<\/title>\n<meta name=\"description\" content=\"Stay updated with the Pearland dental blog for oral health tips, smile care advice, and practice news. Read now to learn how to keep your smile healthy!\" \/>\n<meta name=\"robots\" content=\"noindex, nofollow\" \/>\n<meta property=\"og:locale\" content=\"es_MX\" \/>\n<meta property=\"og:type\" content=\"article\" \/>\n<meta property=\"og:title\" content=\"Blog\" \/>\n<meta property=\"og:description\" content=\"Stay updated with the Pearland dental blog for oral health tips, smile care advice, and practice news. Read now to learn how to keep your smile healthy!\" \/>\n<meta property=\"og:url\" content=\"https:\/\/mydentistpearland.com\/es\/blog\/\" \/>\n<meta property=\"og:site_name\" content=\"Pearly Whites of Pearland\" \/>\n<meta property=\"article:publisher\" content=\"https:\/\/www.facebook.com\/pearlywhitesofpearland\/\" \/>\n<meta property=\"article:modified_time\" content=\"2026-03-03T10:44:13+00:00\" \/>\n<meta property=\"og:image\" content=\"https:\/\/mydentistpearland.com\/wp-content\/uploads\/2026\/01\/pearly-whites-of-pearland_VaxHLqHe.jpg\" \/>\n\t<meta property=\"og:image:width\" content=\"1920\" \/>\n\t<meta property=\"og:image:height\" content=\"1080\" \/>\n\t<meta property=\"og:image:type\" content=\"image\/jpeg\" \/>\n<meta name=\"twitter:card\" content=\"summary_large_image\" \/>\n<script type=\"application\/ld+json\" class=\"yoast-schema-graph\">{\"@context\":\"https:\/\/schema.org\",\"@graph\":[{\"@type\":\"WebPage\",\"@id\":\"https:\/\/mydentistpearland.com\/blog\/\",\"url\":\"https:\/\/mydentistpearland.com\/blog\/\",\"name\":\"My Dentist Pearland Blog | Dental Care Insights\",\"isPartOf\":{\"@id\":\"https:\/\/mydentistpearland.com\/#website\"},\"datePublished\":\"2022-04-25T12:44:08+00:00\",\"dateModified\":\"2026-03-03T10:44:13+00:00\",\"description\":\"Stay updated with the Pearland dental blog for oral health tips, smile care advice, and practice news. Read now to learn how to keep your smile healthy!\",\"breadcrumb\":{\"@id\":\"https:\/\/mydentistpearland.com\/blog\/#breadcrumb\"},\"inLanguage\":\"es\",\"potentialAction\":[{\"@type\":\"ReadAction\",\"target\":[\"https:\/\/mydentistpearland.com\/blog\/\"]}]},{\"@type\":\"BreadcrumbList\",\"@id\":\"https:\/\/mydentistpearland.com\/blog\/#breadcrumb\",\"itemListElement\":[{\"@type\":\"ListItem\",\"position\":1,\"name\":\"Home\",\"item\":\"https:\/\/mydentistpearland.com\/\"},{\"@type\":\"ListItem\",\"position\":2,\"name\":\"Blog\"}]},{\"@type\":\"WebSite\",\"@id\":\"https:\/\/mydentistpearland.com\/#website\",\"url\":\"https:\/\/mydentistpearland.com\/\",\"name\":\"Pearly Whites of Pearland\",\"description\":\"\",\"potentialAction\":[{\"@type\":\"SearchAction\",\"target\":{\"@type\":\"EntryPoint\",\"urlTemplate\":\"https:\/\/mydentistpearland.com\/?s={search_term_string}\"},\"query-input\":{\"@type\":\"PropertyValueSpecification\",\"valueRequired\":true,\"valueName\":\"search_term_string\"}}],\"inLanguage\":\"es\"},{\"@type\":\"ImageObject\",\"inLanguage\":\"es\",\"@id\":\"https:\/\/mydentistpearland.com\/blog\/#local-main-organization-logo\",\"url\":\"\",\"contentUrl\":\"\",\"caption\":\"Pearly Whites of Pearland\"}]}<\/script>\n<!-- \/ Yoast SEO Premium plugin. -->","yoast_head_json":{"title":"Blog de Mi Dentista en Pearland | Perspectivas sobre el cuidado dental","description":"Mant\u00e9ngase al d\u00eda con el blog dental de Pearland para obtener consejos de salud bucal, consejos para el cuidado de la sonrisa y noticias de la cl\u00ednica. \u00a1Lea ahora para aprender a mantener una sonrisa saludable!","robots":{"index":"noindex","follow":"nofollow"},"og_locale":"es_MX","og_type":"article","og_title":"Blog","og_description":"Stay updated with the Pearland dental blog for oral health tips, smile care advice, and practice news. Read now to learn how to keep your smile healthy!","og_url":"https:\/\/mydentistpearland.com\/es\/blog\/","og_site_name":"Pearly Whites of Pearland","article_publisher":"https:\/\/www.facebook.com\/pearlywhitesofpearland\/","article_modified_time":"2026-03-03T10:44:13+00:00","og_image":[{"width":1920,"height":1080,"url":"https:\/\/mydentistpearland.com\/wp-content\/uploads\/2026\/01\/pearly-whites-of-pearland_VaxHLqHe.jpg","type":"image\/jpeg"}],"twitter_card":"summary_large_image","schema":{"@context":"https:\/\/schema.org","@graph":[{"@type":"WebPage","@id":"https:\/\/mydentistpearland.com\/blog\/","url":"https:\/\/mydentistpearland.com\/blog\/","name":"Blog de Mi Dentista en Pearland | Perspectivas sobre el cuidado dental","isPartOf":{"@id":"https:\/\/mydentistpearland.com\/#website"},"datePublished":"2022-04-25T12:44:08+00:00","dateModified":"2026-03-03T10:44:13+00:00","description":"Mant\u00e9ngase al d\u00eda con el blog dental de Pearland para obtener consejos de salud bucal, consejos para el cuidado de la sonrisa y noticias de la cl\u00ednica. \u00a1Lea ahora para aprender a mantener una sonrisa saludable!","breadcrumb":{"@id":"https:\/\/mydentistpearland.com\/blog\/#breadcrumb"},"inLanguage":"es","potentialAction":[{"@type":"ReadAction","target":["https:\/\/mydentistpearland.com\/blog\/"]}]},{"@type":"BreadcrumbList","@id":"https:\/\/mydentistpearland.com\/blog\/#breadcrumb","itemListElement":[{"@type":"ListItem","position":1,"name":"Home","item":"https:\/\/mydentistpearland.com\/"},{"@type":"ListItem","position":2,"name":"Blog"}]},{"@type":"WebSite","@id":"https:\/\/mydentistpearland.com\/#website","url":"https:\/\/mydentistpearland.com\/","name":"Pearly Whites de Pearland","description":"","potentialAction":[{"@type":"SearchAction","target":{"@type":"EntryPoint","urlTemplate":"https:\/\/mydentistpearland.com\/?s={search_term_string}"},"query-input":{"@type":"PropertyValueSpecification","valueRequired":true,"valueName":"search_term_string"}}],"inLanguage":"es"},{"@type":"ImageObject","inLanguage":"es","@id":"https:\/\/mydentistpearland.com\/blog\/#local-main-organization-logo","url":"","contentUrl":"","caption":"Pearly Whites of Pearland"}]}},"_links":{"self":[{"href":"https:\/\/mydentistpearland.com\/es\/wp-json\/wp\/v2\/pages\/911","targetHints":{"allow":["GET"]}}],"collection":[{"href":"https:\/\/mydentistpearland.com\/es\/wp-json\/wp\/v2\/pages"}],"about":[{"href":"https:\/\/mydentistpearland.com\/es\/wp-json\/wp\/v2\/types\/page"}],"author":[{"embeddable":true,"href":"https:\/\/mydentistpearland.com\/es\/wp-json\/wp\/v2\/users\/15"}],"replies":[{"embeddable":true,"href":"https:\/\/mydentistpearland.com\/es\/wp-json\/wp\/v2\/comments?post=911"}],"version-history":[{"count":1,"href":"https:\/\/mydentistpearland.com\/es\/wp-json\/wp\/v2\/pages\/911\/revisions"}],"predecessor-version":[{"id":4230,"href":"https:\/\/mydentistpearland.com\/es\/wp-json\/wp\/v2\/pages\/911\/revisions\/4230"}],"wp:attachment":[{"href":"https:\/\/mydentistpearland.com\/es\/wp-json\/wp\/v2\/media?parent=911"}],"curies":[{"name":"wp","href":"https:\/\/api.w.org\/{rel}","templated":true}]}}