{"id":4703,"date":"2026-02-11T16:19:17","date_gmt":"2026-02-11T21:19:17","guid":{"rendered":"https:\/\/mydentistpearland.com\/?page_id=4703"},"modified":"2026-03-24T04:58:43","modified_gmt":"2026-03-24T09:58:43","slug":"especiales","status":"publish","type":"page","link":"https:\/\/mydentistpearland.com\/es\/especiales\/","title":{"rendered":"Especiales"},"content":{"rendered":"<div class=\"gsp_post_data\" \r\n\t            data-post_type=\"page\" \r\n\t            data-cat=\"\" \r\n\t            data-modified=\"120\"\r\n\t            data-created=\"1770826757\"\r\n\t            data-title=\"Specials\" \r\n\t            data-home=\"https:\/\/mydentistpearland.com\/es\"><\/div>","protected":false},"excerpt":{"rendered":"","protected":false},"author":15,"featured_media":0,"parent":0,"menu_order":0,"comment_status":"closed","ping_status":"closed","template":"template-parts\/default-template.php","meta":{"_acf_changed":false,"footnotes":""},"class_list":["post-4703","page","type-page","status-publish","hentry"],"acf":[],"yoast_head":"<!-- This site is optimized with the Yoast SEO Premium plugin v26.1 (Yoast SEO v27.2) - https:\/\/yoast.com\/product\/yoast-seo-premium-wordpress\/ -->\n<title>Dental Specials &amp; Offers in Pearland, TX<\/title>\n<meta name=\"description\" content=\"Explore latest dental specials promotions in Pearland, TX on preventive, cosmetic, and restorative care. Limited-time offers\u2014call today to book your appointment!\" \/>\n<meta name=\"robots\" content=\"index, follow, max-snippet:-1, max-image-preview:large, max-video-preview:-1\" \/>\n<link rel=\"canonical\" href=\"https:\/\/mydentistpearland.com\/es\/especiales\/\" \/>\n<meta property=\"og:locale\" content=\"es_MX\" \/>\n<meta property=\"og:type\" content=\"article\" \/>\n<meta property=\"og:title\" content=\"Specials\" \/>\n<meta property=\"og:description\" content=\"Explore latest dental specials promotions in Pearland, TX on preventive, cosmetic, and restorative care. Limited-time offers\u2014call today to book your appointment!\" \/>\n<meta property=\"og:url\" content=\"https:\/\/mydentistpearland.com\/es\/especiales\/\" \/>\n<meta property=\"og:site_name\" content=\"Pearly Whites of Pearland\" \/>\n<meta property=\"article:publisher\" content=\"https:\/\/www.facebook.com\/pearlywhitesofpearland\/\" \/>\n<meta property=\"article:modified_time\" content=\"2026-03-24T09:58:43+00:00\" \/>\n<meta name=\"twitter:card\" content=\"summary_large_image\" \/>\n<script type=\"application\/ld+json\" class=\"yoast-schema-graph\">{\"@context\":\"https:\/\/schema.org\",\"@graph\":[{\"@type\":\"WebPage\",\"@id\":\"https:\/\/mydentistpearland.com\/specials\/\",\"url\":\"https:\/\/mydentistpearland.com\/specials\/\",\"name\":\"Dental Specials & Offers in Pearland, TX\",\"isPartOf\":{\"@id\":\"https:\/\/mydentistpearland.com\/#website\"},\"datePublished\":\"2026-02-11T21:19:17+00:00\",\"dateModified\":\"2026-03-24T09:58:43+00:00\",\"description\":\"Explore latest dental specials promotions in Pearland, TX on preventive, cosmetic, and restorative care. Limited-time offers\u2014call today to book your appointment!\",\"breadcrumb\":{\"@id\":\"https:\/\/mydentistpearland.com\/specials\/#breadcrumb\"},\"inLanguage\":\"es\",\"potentialAction\":[{\"@type\":\"ReadAction\",\"target\":[\"https:\/\/mydentistpearland.com\/specials\/\"]}]},{\"@type\":\"BreadcrumbList\",\"@id\":\"https:\/\/mydentistpearland.com\/specials\/#breadcrumb\",\"itemListElement\":[{\"@type\":\"ListItem\",\"position\":1,\"name\":\"Home\",\"item\":\"https:\/\/mydentistpearland.com\/\"},{\"@type\":\"ListItem\",\"position\":2,\"name\":\"Specials\"}]},{\"@type\":\"WebSite\",\"@id\":\"https:\/\/mydentistpearland.com\/#website\",\"url\":\"https:\/\/mydentistpearland.com\/\",\"name\":\"Pearly Whites of Pearland\",\"description\":\"\",\"potentialAction\":[{\"@type\":\"SearchAction\",\"target\":{\"@type\":\"EntryPoint\",\"urlTemplate\":\"https:\/\/mydentistpearland.com\/?s={search_term_string}\"},\"query-input\":{\"@type\":\"PropertyValueSpecification\",\"valueRequired\":true,\"valueName\":\"search_term_string\"}}],\"inLanguage\":\"es\"},{\"@type\":\"ImageObject\",\"inLanguage\":\"es\",\"@id\":\"https:\/\/mydentistpearland.com\/specials\/#local-main-organization-logo\",\"url\":\"\",\"contentUrl\":\"\",\"caption\":\"Pearly Whites of Pearland\"}]}<\/script>\n<!-- \/ Yoast SEO Premium plugin. -->","yoast_head_json":{"title":"Ofertas y promociones dentales en Pearland, TX","description":"Explora las \u00faltimas promociones dentales en Pearland, TX, en atenci\u00f3n preventiva, cosm\u00e9tica y restaurativa. Ofertas por tiempo limitado: \u00a1llama hoy para reservar tu cita!","robots":{"index":"index","follow":"follow","max-snippet":"max-snippet:-1","max-image-preview":"max-image-preview:large","max-video-preview":"max-video-preview:-1"},"canonical":"https:\/\/mydentistpearland.com\/es\/especiales\/","og_locale":"es_MX","og_type":"article","og_title":"Specials","og_description":"Explore latest dental specials promotions in Pearland, TX on preventive, cosmetic, and restorative care. Limited-time offers\u2014call today to book your appointment!","og_url":"https:\/\/mydentistpearland.com\/es\/especiales\/","og_site_name":"Pearly Whites of Pearland","article_publisher":"https:\/\/www.facebook.com\/pearlywhitesofpearland\/","article_modified_time":"2026-03-24T09:58:43+00:00","twitter_card":"summary_large_image","schema":{"@context":"https:\/\/schema.org","@graph":[{"@type":"WebPage","@id":"https:\/\/mydentistpearland.com\/specials\/","url":"https:\/\/mydentistpearland.com\/specials\/","name":"Ofertas y promociones dentales en Pearland, TX","isPartOf":{"@id":"https:\/\/mydentistpearland.com\/#website"},"datePublished":"2026-02-11T21:19:17+00:00","dateModified":"2026-03-24T09:58:43+00:00","description":"Explora las \u00faltimas promociones dentales en Pearland, TX, en atenci\u00f3n preventiva, cosm\u00e9tica y restaurativa. Ofertas por tiempo limitado: \u00a1llama hoy para reservar tu cita!","breadcrumb":{"@id":"https:\/\/mydentistpearland.com\/specials\/#breadcrumb"},"inLanguage":"es","potentialAction":[{"@type":"ReadAction","target":["https:\/\/mydentistpearland.com\/specials\/"]}]},{"@type":"BreadcrumbList","@id":"https:\/\/mydentistpearland.com\/specials\/#breadcrumb","itemListElement":[{"@type":"ListItem","position":1,"name":"Home","item":"https:\/\/mydentistpearland.com\/"},{"@type":"ListItem","position":2,"name":"Specials"}]},{"@type":"WebSite","@id":"https:\/\/mydentistpearland.com\/#website","url":"https:\/\/mydentistpearland.com\/","name":"Pearly Whites de Pearland","description":"","potentialAction":[{"@type":"SearchAction","target":{"@type":"EntryPoint","urlTemplate":"https:\/\/mydentistpearland.com\/?s={search_term_string}"},"query-input":{"@type":"PropertyValueSpecification","valueRequired":true,"valueName":"search_term_string"}}],"inLanguage":"es"},{"@type":"ImageObject","inLanguage":"es","@id":"https:\/\/mydentistpearland.com\/specials\/#local-main-organization-logo","url":"","contentUrl":"","caption":"Pearly Whites of Pearland"}]}},"_links":{"self":[{"href":"https:\/\/mydentistpearland.com\/es\/wp-json\/wp\/v2\/pages\/4703","targetHints":{"allow":["GET"]}}],"collection":[{"href":"https:\/\/mydentistpearland.com\/es\/wp-json\/wp\/v2\/pages"}],"about":[{"href":"https:\/\/mydentistpearland.com\/es\/wp-json\/wp\/v2\/types\/page"}],"author":[{"embeddable":true,"href":"https:\/\/mydentistpearland.com\/es\/wp-json\/wp\/v2\/users\/15"}],"replies":[{"embeddable":true,"href":"https:\/\/mydentistpearland.com\/es\/wp-json\/wp\/v2\/comments?post=4703"}],"version-history":[{"count":3,"href":"https:\/\/mydentistpearland.com\/es\/wp-json\/wp\/v2\/pages\/4703\/revisions"}],"predecessor-version":[{"id":5223,"href":"https:\/\/mydentistpearland.com\/es\/wp-json\/wp\/v2\/pages\/4703\/revisions\/5223"}],"wp:attachment":[{"href":"https:\/\/mydentistpearland.com\/es\/wp-json\/wp\/v2\/media?parent=4703"}],"curies":[{"name":"wp","href":"https:\/\/api.w.org\/{rel}","templated":true}]}}