{"id":3069,"date":"2025-04-16T15:36:26","date_gmt":"2025-04-16T15:36:26","guid":{"rendered":"https:\/\/mydentistpearland.com\/?page_id=3069"},"modified":"2025-11-17T19:58:19","modified_gmt":"2025-11-18T00:58:19","slug":"mapa-del-sitio","status":"publish","type":"page","link":"https:\/\/mydentistpearland.com\/es\/mapa-del-sitio\/","title":{"rendered":"Mapa del sitio"},"content":{"rendered":"<div data-elementor-type=\"wp-page\" data-elementor-id=\"3069\" class=\"elementor elementor-3069\" data-elementor-post-type=\"page\">\n\t\t\t\t<div class=\"elementor-element elementor-element-644011d2 e-flex e-con-boxed e-con e-parent\" data-id=\"644011d2\" data-element_type=\"container\">\n\t\t\t\t\t<div class=\"e-con-inner\">\n\t\t\t\t\t<\/div>\n\t\t\t\t<\/div>\n\t\t\t\t<\/div>\n\t\t<div class=\"gsp_post_data\" \r\n\t            data-post_type=\"page\" \r\n\t            data-cat=\"\" \r\n\t            data-modified=\"120\"\r\n\t            data-created=\"1744817786\"\r\n\t            data-title=\"Sitemap\" \r\n\t            data-home=\"https:\/\/mydentistpearland.com\/es\"><\/div>","protected":false},"excerpt":{"rendered":"","protected":false},"author":15,"featured_media":0,"parent":0,"menu_order":0,"comment_status":"closed","ping_status":"closed","template":"page-sitemap.php","meta":{"_acf_changed":false,"footnotes":""},"class_list":["post-3069","page","type-page","status-publish","hentry"],"acf":[],"yoast_head":"<!-- This site is optimized with the Yoast SEO Premium plugin v26.1 (Yoast SEO v27.2) - https:\/\/yoast.com\/product\/yoast-seo-premium-wordpress\/ -->\n<title>Full Website Sitemap - Pearly Whites of Pearland<\/title>\n<meta name=\"description\" content=\"Looking for a Bilingual Dentist in Pearland? Our friendly team provides quality dental care in English and Spanish for your convenience.\" \/>\n<meta name=\"robots\" content=\"index, follow, max-snippet:-1, max-image-preview:large, max-video-preview:-1\" \/>\n<link rel=\"canonical\" href=\"https:\/\/mydentistpearland.com\/es\/mapa-del-sitio\/\" \/>\n<meta property=\"og:locale\" content=\"es_MX\" \/>\n<meta property=\"og:type\" content=\"article\" \/>\n<meta property=\"og:title\" content=\"Sitemap\" \/>\n<meta property=\"og:description\" content=\"Looking for a Bilingual Dentist in Pearland? Our friendly team provides quality dental care in English and Spanish for your convenience.\" \/>\n<meta property=\"og:url\" content=\"https:\/\/mydentistpearland.com\/es\/mapa-del-sitio\/\" \/>\n<meta property=\"og:site_name\" content=\"Pearly Whites of Pearland\" \/>\n<meta property=\"article:publisher\" content=\"https:\/\/www.facebook.com\/pearlywhitesofpearland\/\" \/>\n<meta property=\"article:modified_time\" content=\"2025-11-18T00:58:19+00:00\" \/>\n<meta name=\"twitter:card\" content=\"summary_large_image\" \/>\n<script type=\"application\/ld+json\" class=\"yoast-schema-graph\">{\"@context\":\"https:\/\/schema.org\",\"@graph\":[{\"@type\":\"WebPage\",\"@id\":\"https:\/\/mydentistpearland.com\/sitemap\/\",\"url\":\"https:\/\/mydentistpearland.com\/sitemap\/\",\"name\":\"Full Website Sitemap - Pearly Whites of Pearland\",\"isPartOf\":{\"@id\":\"https:\/\/mydentistpearland.com\/#website\"},\"datePublished\":\"2025-04-16T15:36:26+00:00\",\"dateModified\":\"2025-11-18T00:58:19+00:00\",\"description\":\"Looking for a Bilingual Dentist in Pearland? Our friendly team provides quality dental care in English and Spanish for your convenience.\",\"breadcrumb\":{\"@id\":\"https:\/\/mydentistpearland.com\/sitemap\/#breadcrumb\"},\"inLanguage\":\"es\",\"potentialAction\":[{\"@type\":\"ReadAction\",\"target\":[\"https:\/\/mydentistpearland.com\/sitemap\/\"]}]},{\"@type\":\"BreadcrumbList\",\"@id\":\"https:\/\/mydentistpearland.com\/sitemap\/#breadcrumb\",\"itemListElement\":[{\"@type\":\"ListItem\",\"position\":1,\"name\":\"Home\",\"item\":\"https:\/\/mydentistpearland.com\/\"},{\"@type\":\"ListItem\",\"position\":2,\"name\":\"Sitemap\"}]},{\"@type\":\"WebSite\",\"@id\":\"https:\/\/mydentistpearland.com\/#website\",\"url\":\"https:\/\/mydentistpearland.com\/\",\"name\":\"Pearly Whites of Pearland\",\"description\":\"\",\"potentialAction\":[{\"@type\":\"SearchAction\",\"target\":{\"@type\":\"EntryPoint\",\"urlTemplate\":\"https:\/\/mydentistpearland.com\/?s={search_term_string}\"},\"query-input\":{\"@type\":\"PropertyValueSpecification\",\"valueRequired\":true,\"valueName\":\"search_term_string\"}}],\"inLanguage\":\"es\"},{\"@type\":\"ImageObject\",\"inLanguage\":\"es\",\"@id\":\"https:\/\/mydentistpearland.com\/sitemap\/#local-main-organization-logo\",\"url\":\"\",\"contentUrl\":\"\",\"caption\":\"Pearly Whites of Pearland\"}]}<\/script>\n<!-- \/ Yoast SEO Premium plugin. -->","yoast_head_json":{"title":"Mapa completo del sitio web - Pearly Whites of Pearland","description":"\u00bfBusca un dentista biling\u00fce en Pearland? Nuestro amable equipo le ofrece atenci\u00f3n dental de calidad en ingl\u00e9s y espa\u00f1ol para su comodidad.","robots":{"index":"index","follow":"follow","max-snippet":"max-snippet:-1","max-image-preview":"max-image-preview:large","max-video-preview":"max-video-preview:-1"},"canonical":"https:\/\/mydentistpearland.com\/es\/mapa-del-sitio\/","og_locale":"es_MX","og_type":"article","og_title":"Sitemap","og_description":"Looking for a Bilingual Dentist in Pearland? Our friendly team provides quality dental care in English and Spanish for your convenience.","og_url":"https:\/\/mydentistpearland.com\/es\/mapa-del-sitio\/","og_site_name":"Pearly Whites of Pearland","article_publisher":"https:\/\/www.facebook.com\/pearlywhitesofpearland\/","article_modified_time":"2025-11-18T00:58:19+00:00","twitter_card":"summary_large_image","schema":{"@context":"https:\/\/schema.org","@graph":[{"@type":"WebPage","@id":"https:\/\/mydentistpearland.com\/sitemap\/","url":"https:\/\/mydentistpearland.com\/sitemap\/","name":"Mapa completo del sitio web - Pearly Whites of Pearland","isPartOf":{"@id":"https:\/\/mydentistpearland.com\/#website"},"datePublished":"2025-04-16T15:36:26+00:00","dateModified":"2025-11-18T00:58:19+00:00","description":"\u00bfBusca un dentista biling\u00fce en Pearland? Nuestro amable equipo le ofrece atenci\u00f3n dental de calidad en ingl\u00e9s y espa\u00f1ol para su comodidad.","breadcrumb":{"@id":"https:\/\/mydentistpearland.com\/sitemap\/#breadcrumb"},"inLanguage":"es","potentialAction":[{"@type":"ReadAction","target":["https:\/\/mydentistpearland.com\/sitemap\/"]}]},{"@type":"BreadcrumbList","@id":"https:\/\/mydentistpearland.com\/sitemap\/#breadcrumb","itemListElement":[{"@type":"ListItem","position":1,"name":"Home","item":"https:\/\/mydentistpearland.com\/"},{"@type":"ListItem","position":2,"name":"Sitemap"}]},{"@type":"WebSite","@id":"https:\/\/mydentistpearland.com\/#website","url":"https:\/\/mydentistpearland.com\/","name":"Pearly Whites de Pearland","description":"","potentialAction":[{"@type":"SearchAction","target":{"@type":"EntryPoint","urlTemplate":"https:\/\/mydentistpearland.com\/?s={search_term_string}"},"query-input":{"@type":"PropertyValueSpecification","valueRequired":true,"valueName":"search_term_string"}}],"inLanguage":"es"},{"@type":"ImageObject","inLanguage":"es","@id":"https:\/\/mydentistpearland.com\/sitemap\/#local-main-organization-logo","url":"","contentUrl":"","caption":"Pearly Whites of Pearland"}]}},"_links":{"self":[{"href":"https:\/\/mydentistpearland.com\/es\/wp-json\/wp\/v2\/pages\/3069","targetHints":{"allow":["GET"]}}],"collection":[{"href":"https:\/\/mydentistpearland.com\/es\/wp-json\/wp\/v2\/pages"}],"about":[{"href":"https:\/\/mydentistpearland.com\/es\/wp-json\/wp\/v2\/types\/page"}],"author":[{"embeddable":true,"href":"https:\/\/mydentistpearland.com\/es\/wp-json\/wp\/v2\/users\/15"}],"replies":[{"embeddable":true,"href":"https:\/\/mydentistpearland.com\/es\/wp-json\/wp\/v2\/comments?post=3069"}],"version-history":[{"count":0,"href":"https:\/\/mydentistpearland.com\/es\/wp-json\/wp\/v2\/pages\/3069\/revisions"}],"wp:attachment":[{"href":"https:\/\/mydentistpearland.com\/es\/wp-json\/wp\/v2\/media?parent=3069"}],"curies":[{"name":"wp","href":"https:\/\/api.w.org\/{rel}","templated":true}]}}