{"id":2541,"date":"2023-10-02T17:18:37","date_gmt":"2023-10-02T17:18:37","guid":{"rendered":"https:\/\/mydentistpearland.com\/?page_id=2541"},"modified":"2023-10-03T09:59:22","modified_gmt":"2023-10-03T09:59:22","slug":"formularios-para-pacientes-gracias","status":"publish","type":"page","link":"https:\/\/mydentistpearland.com\/es\/formularios-para-pacientes-gracias\/","title":{"rendered":"Formularios para pacientes. Gracias."},"content":{"rendered":"<div class=\"gsp_post_data\" \r\n\t            data-post_type=\"page\" \r\n\t            data-cat=\"\" \r\n\t            data-modified=\"120\"\r\n\t            data-created=\"1696267117\"\r\n\t            data-title=\"Patient Forms Thank You\" \r\n\t            data-home=\"https:\/\/mydentistpearland.com\/es\"><\/div>","protected":false},"excerpt":{"rendered":"","protected":false},"author":15,"featured_media":0,"parent":0,"menu_order":0,"comment_status":"closed","ping_status":"closed","template":"template-parts\/template-thankyou.php","meta":{"_acf_changed":false,"footnotes":""},"class_list":["post-2541","page","type-page","status-publish","hentry"],"acf":[],"yoast_head":"<!-- This site is optimized with the Yoast SEO Premium plugin v26.1 (Yoast SEO v27.2) - https:\/\/yoast.com\/product\/yoast-seo-premium-wordpress\/ -->\n<title>Odont\u00f3logo 77584 | Pearly Whites of Pearland | Patient Forms Thank You<\/title>\n<meta name=\"description\" content=\"Pearland Dentist offers personalized care for patients of all ages. Visit our website for more information.\" \/>\n<meta name=\"robots\" content=\"index, follow, max-snippet:-1, max-image-preview:large, max-video-preview:-1\" \/>\n<link rel=\"canonical\" href=\"https:\/\/mydentistpearland.com\/es\/formularios-para-pacientes-gracias\/\" \/>\n<meta property=\"og:locale\" content=\"es_MX\" \/>\n<meta property=\"og:type\" content=\"article\" \/>\n<meta property=\"og:title\" content=\"Patient Forms Thank You\" \/>\n<meta property=\"og:description\" content=\"Pearland Dentist offers personalized care for patients of all ages. Visit our website for more information.\" \/>\n<meta property=\"og:url\" content=\"https:\/\/mydentistpearland.com\/es\/formularios-para-pacientes-gracias\/\" \/>\n<meta property=\"og:site_name\" content=\"Pearly Whites of Pearland\" \/>\n<meta property=\"article:publisher\" content=\"https:\/\/www.facebook.com\/pearlywhitesofpearland\/\" \/>\n<meta property=\"article:modified_time\" content=\"2023-10-03T09:59:22+00:00\" \/>\n<meta name=\"twitter:card\" content=\"summary_large_image\" \/>\n<script type=\"application\/ld+json\" class=\"yoast-schema-graph\">{\"@context\":\"https:\/\/schema.org\",\"@graph\":[{\"@type\":\"WebPage\",\"@id\":\"https:\/\/mydentistpearland.com\/es\/formularios-para-pacientes-gracias\/\",\"url\":\"https:\/\/mydentistpearland.com\/es\/formularios-para-pacientes-gracias\/\",\"name\":\"Odont\u00f3logo 77584 | Pearly Whites of Pearland | Patient Forms Thank You\",\"isPartOf\":{\"@id\":\"https:\/\/mydentistpearland.com\/#website\"},\"datePublished\":\"2023-10-02T17:18:37+00:00\",\"dateModified\":\"2023-10-03T09:59:22+00:00\",\"description\":\"Pearland Dentist offers personalized care for patients of all ages. Visit our website for more information.\",\"breadcrumb\":{\"@id\":\"https:\/\/mydentistpearland.com\/es\/formularios-para-pacientes-gracias\/#breadcrumb\"},\"inLanguage\":\"es\",\"potentialAction\":[{\"@type\":\"ReadAction\",\"target\":[\"https:\/\/mydentistpearland.com\/es\/formularios-para-pacientes-gracias\/\"]}]},{\"@type\":\"BreadcrumbList\",\"@id\":\"https:\/\/mydentistpearland.com\/es\/formularios-para-pacientes-gracias\/#breadcrumb\",\"itemListElement\":[{\"@type\":\"ListItem\",\"position\":1,\"name\":\"Home\",\"item\":\"https:\/\/mydentistpearland.com\/\"},{\"@type\":\"ListItem\",\"position\":2,\"name\":\"Patient Forms Thank You\"}]},{\"@type\":\"WebSite\",\"@id\":\"https:\/\/mydentistpearland.com\/#website\",\"url\":\"https:\/\/mydentistpearland.com\/\",\"name\":\"Pearly Whites of Pearland\",\"description\":\"\",\"potentialAction\":[{\"@type\":\"SearchAction\",\"target\":{\"@type\":\"EntryPoint\",\"urlTemplate\":\"https:\/\/mydentistpearland.com\/?s={search_term_string}\"},\"query-input\":{\"@type\":\"PropertyValueSpecification\",\"valueRequired\":true,\"valueName\":\"search_term_string\"}}],\"inLanguage\":\"es\"},{\"@type\":\"ImageObject\",\"inLanguage\":\"es\",\"@id\":\"https:\/\/mydentistpearland.com\/es\/formularios-para-pacientes-gracias\/#local-main-organization-logo\",\"url\":\"\",\"contentUrl\":\"\",\"caption\":\"Pearly Whites of Pearland\"}]}<\/script>\n<!-- \/ Yoast SEO Premium plugin. -->","yoast_head_json":{"title":"Odont\u00f3logo 77584 | Pearly Whites of Pearland | Formularios para pacientes Gracias","description":"Pearland Dentist ofrece atenci\u00f3n personalizada a pacientes de todas las edades. Visite nuestro sitio web para m\u00e1s informaci\u00f3n.","robots":{"index":"index","follow":"follow","max-snippet":"max-snippet:-1","max-image-preview":"max-image-preview:large","max-video-preview":"max-video-preview:-1"},"canonical":"https:\/\/mydentistpearland.com\/es\/formularios-para-pacientes-gracias\/","og_locale":"es_MX","og_type":"article","og_title":"Patient Forms Thank You","og_description":"Pearland Dentist offers personalized care for patients of all ages. Visit our website for more information.","og_url":"https:\/\/mydentistpearland.com\/es\/formularios-para-pacientes-gracias\/","og_site_name":"Pearly Whites of Pearland","article_publisher":"https:\/\/www.facebook.com\/pearlywhitesofpearland\/","article_modified_time":"2023-10-03T09:59:22+00:00","twitter_card":"summary_large_image","schema":{"@context":"https:\/\/schema.org","@graph":[{"@type":"WebPage","@id":"https:\/\/mydentistpearland.com\/es\/formularios-para-pacientes-gracias\/","url":"https:\/\/mydentistpearland.com\/es\/formularios-para-pacientes-gracias\/","name":"Odont\u00f3logo 77584 | Pearly Whites of Pearland | Formularios para pacientes Gracias","isPartOf":{"@id":"https:\/\/mydentistpearland.com\/#website"},"datePublished":"2023-10-02T17:18:37+00:00","dateModified":"2023-10-03T09:59:22+00:00","description":"Pearland Dentist ofrece atenci\u00f3n personalizada a pacientes de todas las edades. Visite nuestro sitio web para m\u00e1s informaci\u00f3n.","breadcrumb":{"@id":"https:\/\/mydentistpearland.com\/es\/formularios-para-pacientes-gracias\/#breadcrumb"},"inLanguage":"es","potentialAction":[{"@type":"ReadAction","target":["https:\/\/mydentistpearland.com\/es\/formularios-para-pacientes-gracias\/"]}]},{"@type":"BreadcrumbList","@id":"https:\/\/mydentistpearland.com\/es\/formularios-para-pacientes-gracias\/#breadcrumb","itemListElement":[{"@type":"ListItem","position":1,"name":"Home","item":"https:\/\/mydentistpearland.com\/"},{"@type":"ListItem","position":2,"name":"Patient Forms Thank You"}]},{"@type":"WebSite","@id":"https:\/\/mydentistpearland.com\/#website","url":"https:\/\/mydentistpearland.com\/","name":"Pearly Whites de Pearland","description":"","potentialAction":[{"@type":"SearchAction","target":{"@type":"EntryPoint","urlTemplate":"https:\/\/mydentistpearland.com\/?s={search_term_string}"},"query-input":{"@type":"PropertyValueSpecification","valueRequired":true,"valueName":"search_term_string"}}],"inLanguage":"es"},{"@type":"ImageObject","inLanguage":"es","@id":"https:\/\/mydentistpearland.com\/es\/formularios-para-pacientes-gracias\/#local-main-organization-logo","url":"","contentUrl":"","caption":"Pearly Whites of Pearland"}]}},"_links":{"self":[{"href":"https:\/\/mydentistpearland.com\/es\/wp-json\/wp\/v2\/pages\/2541","targetHints":{"allow":["GET"]}}],"collection":[{"href":"https:\/\/mydentistpearland.com\/es\/wp-json\/wp\/v2\/pages"}],"about":[{"href":"https:\/\/mydentistpearland.com\/es\/wp-json\/wp\/v2\/types\/page"}],"author":[{"embeddable":true,"href":"https:\/\/mydentistpearland.com\/es\/wp-json\/wp\/v2\/users\/15"}],"replies":[{"embeddable":true,"href":"https:\/\/mydentistpearland.com\/es\/wp-json\/wp\/v2\/comments?post=2541"}],"version-history":[{"count":0,"href":"https:\/\/mydentistpearland.com\/es\/wp-json\/wp\/v2\/pages\/2541\/revisions"}],"wp:attachment":[{"href":"https:\/\/mydentistpearland.com\/es\/wp-json\/wp\/v2\/media?parent=2541"}],"curies":[{"name":"wp","href":"https:\/\/api.w.org\/{rel}","templated":true}]}}